{"id":458,"date":"2023-11-15T14:54:43","date_gmt":"2023-11-15T14:54:43","guid":{"rendered":"https:\/\/stunde-der-wintervoegel.ch\/telechargement-de-photos\/"},"modified":"2024-11-14T08:12:59","modified_gmt":"2024-11-14T08:12:59","slug":"telechargement-de-photos","status":"publish","type":"page","link":"https:\/\/stunde-der-wintervoegel.ch\/fr\/telechargement-de-photos\/","title":{"rendered":"T\u00e9l\u00e9chargement de photos"},"content":{"rendered":"\n<div class=\"wp-block-contact-form-7-contact-form-selector\">\n<div class=\"wpcf7 no-js\" id=\"wpcf7-f397-o1\" lang=\"fr-FR\" dir=\"ltr\" data-wpcf7-id=\"397\">\n<div class=\"screen-reader-response\"><p role=\"status\" aria-live=\"polite\" aria-atomic=\"true\"><\/p> <ul><\/ul><\/div>\n<form action=\"\/fr\/wp-json\/wp\/v2\/pages\/458#wpcf7-f397-o1\" method=\"post\" class=\"wpcf7-form init\" aria-label=\"Formulaire de contact\" enctype=\"multipart\/form-data\" novalidate=\"novalidate\" data-status=\"init\">\n<fieldset class=\"hidden-fields-container\"><input type=\"hidden\" name=\"_wpcf7\" value=\"397\" \/><input type=\"hidden\" name=\"_wpcf7_version\" value=\"6.1.4\" \/><input type=\"hidden\" name=\"_wpcf7_locale\" value=\"fr_FR\" \/><input type=\"hidden\" name=\"_wpcf7_unit_tag\" value=\"wpcf7-f397-o1\" \/><input type=\"hidden\" name=\"_wpcf7_container_post\" value=\"0\" \/><input type=\"hidden\" name=\"_wpcf7_posted_data_hash\" value=\"\" \/><input type=\"hidden\" name=\"_wpcf7_recaptcha_response\" value=\"\" \/>\n<\/fieldset>\n<p><label><br \/>\n<b>Titre de la photo<\/b><br \/>\n<span class=\"wpcf7-form-control-wrap\" data-name=\"photoTitle\"><input size=\"40\" maxlength=\"400\" class=\"wpcf7-form-control wpcf7-text wpcf7-validates-as-required\" aria-required=\"true\" aria-invalid=\"false\" value=\"\" type=\"text\" name=\"photoTitle\" \/><\/span><br \/>\n<\/label>\n<\/p>\n<p><label><br \/>\n<b>Description de la photo<\/b><br \/>\n<span class=\"wpcf7-form-control-wrap\" data-name=\"photoDescription\"><textarea cols=\"40\" rows=\"10\" maxlength=\"2000\" class=\"wpcf7-form-control wpcf7-textarea\" aria-invalid=\"false\" name=\"photoDescription\"><\/textarea><\/span><br \/>\n<\/label>\n<\/p>\n<p><label><br \/>\n<b>Nom de l\u2019auteur\u00b7e<\/b><br \/>\n<span class=\"wpcf7-form-control-wrap\" data-name=\"authorName\"><input size=\"40\" maxlength=\"400\" class=\"wpcf7-form-control wpcf7-text wpcf7-validates-as-required\" aria-required=\"true\" aria-invalid=\"false\" value=\"\" type=\"text\" name=\"authorName\" \/><\/span><br \/>\n<\/label>\n<\/p>\n<p><label><br \/>\n<b>Votre adresse e-mail (pour d\u2019\u00e9ventuelles questions)<\/b><br \/>\n<span class=\"wpcf7-form-control-wrap\" data-name=\"userEmail\"><input size=\"40\" maxlength=\"400\" class=\"wpcf7-form-control wpcf7-email wpcf7-validates-as-required wpcf7-text wpcf7-validates-as-email\" aria-required=\"true\" aria-invalid=\"false\" value=\"\" type=\"email\" name=\"userEmail\" \/><\/span><br \/>\n<\/label>\n<\/p>\n<p><label><br \/>\n<b>Veuillez choisir un document.<\/b><br \/>\n<span class=\"wpcf7-form-control-wrap\" data-name=\"photoFile\"><input size=\"40\" class=\"wpcf7-form-control wpcf7-file wpcf7-validates-as-required\" accept=\".jpg,.png\" aria-required=\"true\" aria-invalid=\"false\" type=\"file\" name=\"photoFile\" \/><\/span><br \/>\n<\/label>\n<\/p>\n<p>En t\u00e9l\u00e9chargeant des images, j\u2019accepte de les mettre gratuitement \u00e0 disposition de BirdLife Suisse. Les personnes figurant \u00e9ventuellement sur les photos sont d'accord avec leur publication. Je confirme que je suis bien l\u2019auteur\u00b7e des images que je mets \u00e0 disposition et qu'elles sont libres de droits de tiers.\n<\/p>\n<p>J'accepte par ailleurs que mes images soient mises \u00e0 disposition non seulement de BirdLife Suisse, mais aussi de ses partenaires internationaux LBV (Landesbund f\u00fcr Vogel- und Naturschutz Bayern), BirdLife Autriche et \u010cSO (BirdLife R\u00e9publique tch\u00e8que).\n<\/p>\n<p><input class=\"wpcf7-form-control wpcf7-submit has-spinner\" type=\"submit\" value=\"T\u00e9l\u00e9charger\" \/>\n<\/p>\n<p><script> var wpcf7Elm = document.querySelector( '.wpcf7' ); wpcf7Elm.addEventListener( 'wpcf7submit', function( event ) { if(event.detail.status===\"mail_sent\"){ window.location = \"https:\/\/stunde-der-wintervoegel.ch\/fr\/telechargement-reussi\/\"; } }, false ); <\/script>\n<\/p><div class=\"wpcf7-response-output\" aria-hidden=\"true\"><\/div>\n<\/form>\n<\/div>\n<\/div>\n","protected":false},"excerpt":{"rendered":"","protected":false},"author":3,"featured_media":0,"parent":0,"menu_order":0,"comment_status":"closed","ping_status":"closed","template":"","meta":{"footnotes":""},"class_list":["post-458","page","type-page","status-publish","hentry"],"yoast_head":"<!-- This site is optimized with the Yoast SEO plugin v26.7 - https:\/\/yoast.com\/wordpress\/plugins\/seo\/ -->\n<title>T\u00e9l\u00e9chargement de photos - Oiseaux en hiver<\/title>\n<meta name=\"robots\" content=\"index, follow, max-snippet:-1, max-image-preview:large, max-video-preview:-1\" \/>\n<link rel=\"canonical\" href=\"https:\/\/stunde-der-wintervoegel.ch\/fr\/telechargement-de-photos\/\" \/>\n<meta property=\"og:locale\" content=\"fr_FR\" \/>\n<meta property=\"og:type\" content=\"article\" \/>\n<meta property=\"og:title\" content=\"T\u00e9l\u00e9chargement de photos - Oiseaux en hiver\" \/>\n<meta property=\"og:url\" content=\"https:\/\/stunde-der-wintervoegel.ch\/fr\/telechargement-de-photos\/\" \/>\n<meta property=\"og:site_name\" content=\"Oiseaux en hiver\" \/>\n<meta property=\"article:modified_time\" content=\"2024-11-14T08:12:59+00:00\" \/>\n<meta name=\"twitter:card\" content=\"summary_large_image\" \/>\n<script type=\"application\/ld+json\" class=\"yoast-schema-graph\">{\"@context\":\"https:\/\/schema.org\",\"@graph\":[{\"@type\":\"WebPage\",\"@id\":\"https:\/\/stunde-der-wintervoegel.ch\/fr\/telechargement-de-photos\/\",\"url\":\"https:\/\/stunde-der-wintervoegel.ch\/fr\/telechargement-de-photos\/\",\"name\":\"T\u00e9l\u00e9chargement de photos - Oiseaux en hiver\",\"isPartOf\":{\"@id\":\"https:\/\/stunde-der-wintervoegel.ch\/#website\"},\"datePublished\":\"2023-11-15T14:54:43+00:00\",\"dateModified\":\"2024-11-14T08:12:59+00:00\",\"breadcrumb\":{\"@id\":\"https:\/\/stunde-der-wintervoegel.ch\/fr\/telechargement-de-photos\/#breadcrumb\"},\"inLanguage\":\"fr-FR\",\"potentialAction\":[{\"@type\":\"ReadAction\",\"target\":[\"https:\/\/stunde-der-wintervoegel.ch\/fr\/telechargement-de-photos\/\"]}]},{\"@type\":\"BreadcrumbList\",\"@id\":\"https:\/\/stunde-der-wintervoegel.ch\/fr\/telechargement-de-photos\/#breadcrumb\",\"itemListElement\":[{\"@type\":\"ListItem\",\"position\":1,\"name\":\"Home\",\"item\":\"https:\/\/stunde-der-wintervoegel.ch\/fr\/\"},{\"@type\":\"ListItem\",\"position\":2,\"name\":\"T\u00e9l\u00e9chargement de photos\"}]},{\"@type\":\"WebSite\",\"@id\":\"https:\/\/stunde-der-wintervoegel.ch\/#website\",\"url\":\"https:\/\/stunde-der-wintervoegel.ch\/\",\"name\":\"Oiseaux en hiver\",\"description\":\"\u00ab Recensement \u00bb des oiseaux\",\"publisher\":{\"@id\":\"https:\/\/stunde-der-wintervoegel.ch\/#organization\"},\"potentialAction\":[{\"@type\":\"SearchAction\",\"target\":{\"@type\":\"EntryPoint\",\"urlTemplate\":\"https:\/\/stunde-der-wintervoegel.ch\/?s={search_term_string}\"},\"query-input\":{\"@type\":\"PropertyValueSpecification\",\"valueRequired\":true,\"valueName\":\"search_term_string\"}}],\"inLanguage\":\"fr-FR\"},{\"@type\":\"Organization\",\"@id\":\"https:\/\/stunde-der-wintervoegel.ch\/#organization\",\"name\":\"BirdLife Luzern\",\"url\":\"https:\/\/stunde-der-wintervoegel.ch\/\",\"logo\":{\"@type\":\"ImageObject\",\"inLanguage\":\"fr-FR\",\"@id\":\"https:\/\/stunde-der-wintervoegel.ch\/#\/schema\/logo\/image\/\",\"url\":\"https:\/\/stunde-der-wintervoegel.ch\/wp-content\/uploads\/2024\/11\/cropped-BirdLifeCH_Logo_RZ.png\",\"contentUrl\":\"https:\/\/stunde-der-wintervoegel.ch\/wp-content\/uploads\/2024\/11\/cropped-BirdLifeCH_Logo_RZ.png\",\"width\":248,\"height\":186,\"caption\":\"BirdLife Luzern\"},\"image\":{\"@id\":\"https:\/\/stunde-der-wintervoegel.ch\/#\/schema\/logo\/image\/\"}}]}<\/script>\n<!-- \/ Yoast SEO plugin. -->","yoast_head_json":{"title":"T\u00e9l\u00e9chargement de photos - Oiseaux en hiver","robots":{"index":"index","follow":"follow","max-snippet":"max-snippet:-1","max-image-preview":"max-image-preview:large","max-video-preview":"max-video-preview:-1"},"canonical":"https:\/\/stunde-der-wintervoegel.ch\/fr\/telechargement-de-photos\/","og_locale":"fr_FR","og_type":"article","og_title":"T\u00e9l\u00e9chargement de photos - Oiseaux en hiver","og_url":"https:\/\/stunde-der-wintervoegel.ch\/fr\/telechargement-de-photos\/","og_site_name":"Oiseaux en hiver","article_modified_time":"2024-11-14T08:12:59+00:00","twitter_card":"summary_large_image","schema":{"@context":"https:\/\/schema.org","@graph":[{"@type":"WebPage","@id":"https:\/\/stunde-der-wintervoegel.ch\/fr\/telechargement-de-photos\/","url":"https:\/\/stunde-der-wintervoegel.ch\/fr\/telechargement-de-photos\/","name":"T\u00e9l\u00e9chargement de photos - Oiseaux en hiver","isPartOf":{"@id":"https:\/\/stunde-der-wintervoegel.ch\/#website"},"datePublished":"2023-11-15T14:54:43+00:00","dateModified":"2024-11-14T08:12:59+00:00","breadcrumb":{"@id":"https:\/\/stunde-der-wintervoegel.ch\/fr\/telechargement-de-photos\/#breadcrumb"},"inLanguage":"fr-FR","potentialAction":[{"@type":"ReadAction","target":["https:\/\/stunde-der-wintervoegel.ch\/fr\/telechargement-de-photos\/"]}]},{"@type":"BreadcrumbList","@id":"https:\/\/stunde-der-wintervoegel.ch\/fr\/telechargement-de-photos\/#breadcrumb","itemListElement":[{"@type":"ListItem","position":1,"name":"Home","item":"https:\/\/stunde-der-wintervoegel.ch\/fr\/"},{"@type":"ListItem","position":2,"name":"T\u00e9l\u00e9chargement de photos"}]},{"@type":"WebSite","@id":"https:\/\/stunde-der-wintervoegel.ch\/#website","url":"https:\/\/stunde-der-wintervoegel.ch\/","name":"Oiseaux en hiver","description":"\u00ab Recensement \u00bb des oiseaux","publisher":{"@id":"https:\/\/stunde-der-wintervoegel.ch\/#organization"},"potentialAction":[{"@type":"SearchAction","target":{"@type":"EntryPoint","urlTemplate":"https:\/\/stunde-der-wintervoegel.ch\/?s={search_term_string}"},"query-input":{"@type":"PropertyValueSpecification","valueRequired":true,"valueName":"search_term_string"}}],"inLanguage":"fr-FR"},{"@type":"Organization","@id":"https:\/\/stunde-der-wintervoegel.ch\/#organization","name":"BirdLife Luzern","url":"https:\/\/stunde-der-wintervoegel.ch\/","logo":{"@type":"ImageObject","inLanguage":"fr-FR","@id":"https:\/\/stunde-der-wintervoegel.ch\/#\/schema\/logo\/image\/","url":"https:\/\/stunde-der-wintervoegel.ch\/wp-content\/uploads\/2024\/11\/cropped-BirdLifeCH_Logo_RZ.png","contentUrl":"https:\/\/stunde-der-wintervoegel.ch\/wp-content\/uploads\/2024\/11\/cropped-BirdLifeCH_Logo_RZ.png","width":248,"height":186,"caption":"BirdLife Luzern"},"image":{"@id":"https:\/\/stunde-der-wintervoegel.ch\/#\/schema\/logo\/image\/"}}]}},"_links":{"self":[{"href":"https:\/\/stunde-der-wintervoegel.ch\/fr\/wp-json\/wp\/v2\/pages\/458","targetHints":{"allow":["GET"]}}],"collection":[{"href":"https:\/\/stunde-der-wintervoegel.ch\/fr\/wp-json\/wp\/v2\/pages"}],"about":[{"href":"https:\/\/stunde-der-wintervoegel.ch\/fr\/wp-json\/wp\/v2\/types\/page"}],"author":[{"embeddable":true,"href":"https:\/\/stunde-der-wintervoegel.ch\/fr\/wp-json\/wp\/v2\/users\/3"}],"replies":[{"embeddable":true,"href":"https:\/\/stunde-der-wintervoegel.ch\/fr\/wp-json\/wp\/v2\/comments?post=458"}],"version-history":[{"count":1,"href":"https:\/\/stunde-der-wintervoegel.ch\/fr\/wp-json\/wp\/v2\/pages\/458\/revisions"}],"predecessor-version":[{"id":459,"href":"https:\/\/stunde-der-wintervoegel.ch\/fr\/wp-json\/wp\/v2\/pages\/458\/revisions\/459"}],"wp:attachment":[{"href":"https:\/\/stunde-der-wintervoegel.ch\/fr\/wp-json\/wp\/v2\/media?parent=458"}],"curies":[{"name":"wp","href":"https:\/\/api.w.org\/{rel}","templated":true}]}}